{"id":932,"date":"2025-02-22T10:52:06","date_gmt":"2025-02-22T09:52:06","guid":{"rendered":"https:\/\/www.hogda-wilderness-wisdom.com\/?page_id=932"},"modified":"2025-02-22T18:14:28","modified_gmt":"2025-02-22T17:14:28","slug":"privacyverklaring","status":"publish","type":"page","link":"https:\/\/www.hogda-wilderness-wisdom.com\/en\/privacyverklaring\/","title":{"rendered":"Privacy Statement"},"content":{"rendered":"<p>H\u00f6gda Wilderness Wisdom, located at Vadje\u00e4ng Kajsh\u00f6jden 1 685 93 Torsby SE, is responsible for the processing of personal data as shown in this privacy statement.<br><br><strong>Contact details<\/strong><br>https:\/\/www.hogda-wilderness-wisdom.com\/<br>Vadje\u00e4ng Kajsh\u00f6jden 1<br>685 93 Torsby SE<br>Tel: +46767640782<br><br>Kurt Peeters is the Data Protection Officer of H\u00f6gda Wilderness Wisdom. He can be reached via <a href=\"mailto:kurt@hogda-wilderness-wisdom.com\">kurt@hogda-wilderness-wisdom.com<\/a>.<br><br><strong>Personal data that we process<\/strong><br>H\u00f6gda Wilderness Wisdom processes your personal data because you use our services and\/or because you provide this data to us yourself.<br><br>Below you will find an overview of the personal data we process:<\/p>\n\n\n\n<ul class=\"wp-block-list\">\n<li>First and last name<\/li>\n\n\n\n<li>Address details<\/li>\n\n\n\n<li>Phone number<\/li>\n\n\n\n<li>Email address<\/li>\n<\/ul>\n\n\n\n<p>Other personal data that you actively provide, for example by creating a profile on this website, in correspondence and by telephone<\/p>\n\n\n\n<ul class=\"wp-block-list\">\n<li>Internet browser and device type<\/li>\n\n\n\n<li>Bank account number<\/li>\n<\/ul>\n\n\n\n<p><strong>Special and\/or sensitive personal data that we process<\/strong><br>Our website and\/or service does not intend to collect data about website visitors under the age of 16, unless they have permission from a parent or guardian. However, we cannot verify whether a visitor is older than 16. We therefore encourage parents to be involved in their children&#039;s online activities to prevent data about children being collected without parental consent. If you believe we have collected personal data about a minor without this consent, please contact us at kurt@hogda-wilderness-wisdom.com, and we will delete this information.<br><br><strong>For what purpose and on what basis do we process personal data?<\/strong><br>H\u00f6gda Wilderness Wisdom processes your personal data for the following purposes:<\/p>\n\n\n\n<ul class=\"wp-block-list\">\n<li>Processing your payment<\/li>\n\n\n\n<li>Sending our newsletter<\/li>\n\n\n\n<li>To be able to call or email you if this is necessary to provide our services<\/li>\n\n\n\n<li>To inform you about changes to our services and products<\/li>\n\n\n\n<li>To offer you the opportunity to create an account<\/li>\n\n\n\n<li>To deliver goods and services to you<\/li>\n<\/ul>\n\n\n\n<p>H\u00f6gda Wilderness Wisdom also processes personal data if we are legally obliged to do so, such as data that we need for our tax return.<\/p>\n\n\n\n<p><strong>How long we keep personal data<\/strong><br>H\u00f6gda Wilderness Wisdom does not store your personal data for longer than is strictly necessary to achieve the purposes for which your data is collected. We<br>use the following retention periods for the following (categories) of personal data: 2 years<\/p>\n\n\n\n<p><strong>Sharing personal data with third parties<\/strong><br>H\u00f6gda Wilderness Wisdom only provides data to third parties if this is necessary for the execution of our agreement with you or to comply with a legal obligation.<\/p>\n\n\n\n<p><strong>Cookies, or similar techniques, that we use<\/strong><br>H\u00f6gda Wilderness Wisdom uses functional, analytical, and tracking cookies. A cookie is a small text file that is stored in the browser of your computer, tablet, or smartphone when you first visit this website. H\u00f6gda Wilderness Wisdom uses cookies with a purely technical functionality.<br><br>These ensure that the website works properly and that, for example, your preferences are remembered. These cookies are also used to ensure the website functions properly and to optimize it. In addition, we place cookies that track your browsing behavior so that we can offer customized content and advertisements. On your first visit to our website, we already informed you about these cookies and asked for your permission to place them. You can opt out of cookies by setting your internet browser to no longer store them.<br><br>You can also delete all previously saved information through your browser settings. For an explanation, see:<\/p>\n\n\n\n<p><a href=\"https:\/\/veiliginternetten.nl\/themes\/situatie\/cookies-wat-zijn-het-en-wat-doe-ik-ermee\">https:\/\/veiliginternetten.nl\/themes\/situatie\/cookies-wat-zijn-het-en-wat-doe-ik-ermee<\/a><\/p>\n\n\n\n<p><strong>View, change or delete data<\/strong><br>You have the right to access, correct, or delete your personal data. You also have the right to withdraw your consent to the data processing or to object to the processing of your personal data by H\u00f6gda Wilderness Wisdom, and you have the right to data portability. This means that you can submit a request to us to send the personal data we hold about you in a computer file to you or another organization named by you. You can send a request for access, correction, deletion, data transfer of your personal data, or a request to withdraw your consent or object to the processing of your personal data to kurt@hogda-wilderness-wisdom.com. To ensure that the request for access has been made by you, we ask you to include a copy of your ID with the request. In this copy, please redact your passport photo, MRZ (machine readable zone, the strip with numbers at the bottom of the passport), passport number, and Citizen Service Number (BSN). This is to protect your privacy. We will respond to your request as quickly as possible, but within four weeks.<br><br>H\u00f6gdaWilderness Wisdom would also like to inform you that you have the right to file a complaint with the national supervisory authority, the Dutch Data Protection Authority. You can do so via the following link:<\/p>\n\n\n\n<p><a href=\"https:\/\/autoriteitpersoonsgegevens.nl\/nl\/contact-met-de-autoriteit-persoonsgegevens\/tip-ons\">https:\/\/autoriteitpersoonsgegevens.nl\/nl\/contact-met-de-autoriteit-persoonsgegevens\/tip-ons<\/a><\/p>\n\n\n\n<p><strong>How we protect personal data<\/strong><br>H\u00f6gda Wilderness Wisdom takes the protection of your data seriously and implements appropriate measures to prevent misuse, loss, unauthorized access, unwanted disclosure, and unauthorized modification. If you believe your data is not properly secured or if there are indications of misuse, please contact our customer service or email kurt@hogda-wilderness-wisdom.com.<\/p>","protected":false},"excerpt":{"rendered":"<p>H\u00f6gda Wilderness Wisdom, gevestigd aan Vadje\u00e4ng Kajsh\u00f6jden 1 685 93 Torsby SE, is verantwoordelijk voor de verwerking van persoonsgegevens zoals weergegeven in deze privacyverklaring. Contactgegevenshttps:\/\/www.hogda-wilderness-wisdom.com\/Vadje\u00e4ng Kajsh\u00f6jden 1685 93 Torsby SETel: +46767640782 Kurt Peeters is de Functionaris Gegevensbescherming van H\u00f6gda Wilderness Wisdom Hij is te bereiken via kurt@hogda-wilderness-wisdom.com. Persoonsgegevens die wij verwerkenH\u00f6gda Wilderness Wisdom verwerkt je&#8230;<\/p>","protected":false},"author":1,"featured_media":0,"parent":0,"menu_order":0,"comment_status":"closed","ping_status":"closed","template":"","meta":{"_kadence_starter_templates_imported_post":false,"_kad_post_transparent":"","_kad_post_title":"","_kad_post_layout":"","_kad_post_sidebar_id":"","_kad_post_content_style":"","_kad_post_vertical_padding":"","_kad_post_feature":"","_kad_post_feature_position":"","_kad_post_header":false,"_kad_post_footer":false,"_kad_post_classname":"","footnotes":""},"class_list":["post-932","page","type-page","status-publish","hentry"],"_links":{"self":[{"href":"https:\/\/www.hogda-wilderness-wisdom.com\/en\/wp-json\/wp\/v2\/pages\/932","targetHints":{"allow":["GET"]}}],"collection":[{"href":"https:\/\/www.hogda-wilderness-wisdom.com\/en\/wp-json\/wp\/v2\/pages"}],"about":[{"href":"https:\/\/www.hogda-wilderness-wisdom.com\/en\/wp-json\/wp\/v2\/types\/page"}],"author":[{"embeddable":true,"href":"https:\/\/www.hogda-wilderness-wisdom.com\/en\/wp-json\/wp\/v2\/users\/1"}],"replies":[{"embeddable":true,"href":"https:\/\/www.hogda-wilderness-wisdom.com\/en\/wp-json\/wp\/v2\/comments?post=932"}],"version-history":[{"count":2,"href":"https:\/\/www.hogda-wilderness-wisdom.com\/en\/wp-json\/wp\/v2\/pages\/932\/revisions"}],"predecessor-version":[{"id":943,"href":"https:\/\/www.hogda-wilderness-wisdom.com\/en\/wp-json\/wp\/v2\/pages\/932\/revisions\/943"}],"wp:attachment":[{"href":"https:\/\/www.hogda-wilderness-wisdom.com\/en\/wp-json\/wp\/v2\/media?parent=932"}],"curies":[{"name":"wp","href":"https:\/\/api.w.org\/{rel}","templated":true}]}}